{"id":3432,"date":"2023-11-29T15:02:15","date_gmt":"2023-11-29T19:32:15","guid":{"rendered":"https:\/\/blog.hosting.com.ve\/noticias\/?page_id=3432"},"modified":"2026-03-12T10:58:25","modified_gmt":"2026-03-12T14:58:25","slug":"blog","status":"publish","type":"page","link":"https:\/\/blog.hosting.com.ve\/noticias\/","title":{"rendered":"Blog"},"content":{"rendered":"<div class=\"et_pb_section_0 et_pb_section et_section_regular et_block_section section_has_divider et_pb_bottom_divider\"><span class=\"et_pb_background_mask\"><\/span>\n<div class=\"et_pb_row_0 et_pb_row et_block_row\">\n<div class=\"et_pb_column_0 et_pb_column et_pb_column_3_5 et_block_column et_pb_css_mix_blend_mode_passthrough\">\n<div class=\"et_pb_text_0 et_pb_text et_pb_bg_layout_light et_pb_module et_block_module\"><div class=\"et_pb_text_inner\"><h1>Lo \u00faltimo en noticias<\/h1>\n<\/div><\/div>\n\n<div class=\"et_pb_text_1 et_pb_text et_pb_bg_layout_light et_pb_module et_block_module\"><div class=\"et_pb_text_inner\"><p>Te mantenemos al tanto de lo que necesites saber en cuanto a tecnolog\u00eda, con blog.hosting.com ser\u00e1s guiado en todo este mundo de entero conocimiento.<\/p>\n<\/div><\/div>\n\n<div class=\"et_pb_module et_pb_button_module_wrapper et_pb_button_0_wrapper\"><a class=\"et_pb_button_0 et_pb_button et_pb_bg_layout_light et_pb_module et_block_module\" href=\"https:\/\/blog.hosting.com.ve\/noticias\/category\/varios\/\">Ver mas<\/a><\/div>\n<\/div>\n\n<div class=\"et_pb_column_1 et_pb_column et_pb_column_2_5 et-last-child et_block_column et_pb_css_mix_blend_mode_passthrough\">\n<div class=\"et_pb_image_0 et_pb_image et_pb_module et_block_module\"><span class=\"et_pb_background_mask\"><\/span><span class=\"et_pb_image_wrap\"><img loading=\"lazy\" decoding=\"async\" src=\"https:\/\/blog.hosting.com.ve\/noticias\/wp-content\/uploads\/2024\/01\/hosting.com_.logo_.png\" alt=\"hosting.com.logo\" width=\"2613\" height=\"2077\" srcset=\"https:\/\/blog.hosting.com.ve\/noticias\/wp-content\/uploads\/2024\/01\/hosting.com_.logo_.png 2613w, https:\/\/blog.hosting.com.ve\/noticias\/wp-content\/uploads\/2024\/01\/hosting.com_.logo_-1280x1017.png 1280w, https:\/\/blog.hosting.com.ve\/noticias\/wp-content\/uploads\/2024\/01\/hosting.com_.logo_-980x779.png 980w, https:\/\/blog.hosting.com.ve\/noticias\/wp-content\/uploads\/2024\/01\/hosting.com_.logo_-480x382.png 480w\" sizes=\"(min-width: 0px) and (max-width: 480px) 480px, (min-width: 481px) and (max-width: 980px) 980px, (min-width: 981px) and (max-width: 1280px) 1280px, (min-width: 1281px) 2613px, 100vw\" class=\"wp-image-4067\" title=\"Laptop\" \/><\/span><\/div>\n<\/div>\n<\/div>\n<div class=\"et_pb_bottom_inside_divider et-no-transition\"><\/div><\/div>\n\n<div class=\"et_pb_section_1 et_pb_section et_section_regular et_block_section\">\n<div class=\"et_pb_row_1 et_pb_row et_pb_row_3-4_1-4 et_block_row et_block_row_3-4_1-4\">\n<div class=\"et_pb_column_2 et_pb_column et_pb_column_3_4 et_block_column et_pb_css_mix_blend_mode_passthrough\">\n<div class=\"et_pb_text_2 et_pb_text et_pb_bg_layout_light et_pb_module et_block_module\"><div class=\"et_pb_text_inner\"><h2>Empresas web y m\u00e1s<\/h2>\n<\/div><\/div>\n<\/div>\n\n<div class=\"et_pb_column_3 et_pb_column et_pb_column_1_4 et-last-child et_block_column et_pb_css_mix_blend_mode_passthrough\">\n<div class=\"et_pb_module et_pb_button_module_wrapper et_pb_button_1_wrapper\"><a class=\"et_pb_button_1 et_pb_button et_pb_bg_layout_light et_pb_module et_block_module shadow-none transition-shadow duration-300 ease-in-out hover:shadow-lg hover:shadow-black\/5 dark:hover:shadow-black\/30\" href=\"https:\/\/blog.hosting.com.ve\/noticias\/category\/empresas-web\/\" data-icon=\"E\">Ver m\u00e1s<\/a><\/div>\n<\/div>\n<\/div>\n\n<div class=\"et_pb_row_2 et_pb_row et_block_row\">\n<div class=\"et_pb_column_4 et_pb_column et_pb_column_4_4 et-last-child et_block_column et_pb_css_mix_blend_mode_passthrough\">\n<div class=\"et_pb_blog_0 et_pb_blog et_pb_bg_layout_light et_pb_posts et_pb_module\"><div class=\"et_pb_ajax_pagination_container\"><div class=\"et_pb_posts et_grid_module\"><article class=\"et_pb_post et_pb_post_id_3408 clearfix et_pb_no_thumb et_pb_blog_item_0_0 post-3408 post type-post status-publish format-standard hentry category-empresas-web\"><h3 class=\"entry-title\"><a href=\"https:\/\/blog.hosting.com.ve\/noticias\/encuentra-el-nombre-perfecto-para-tu-negocio-con-estos-5-tips\/\">Encuentra el nombre perfecto para tu negocio con estos 5 tips<\/a><\/h3><p class=\"post-meta\">por <span class=\"author vcard\"><a href=\"https:\/\/blog.hosting.com.ve\/noticias\/author\/saray-maza\/\" title=\"Entradas de Saray Maza\" rel=\"author\">Saray Maza<\/a><\/span> | <span class=\"published\">Feb 15, 2017<\/span><\/p><div class=\"post-content\"><div class=\"post-content-inner\"><\/div><\/div><\/article><article class=\"et_pb_post et_pb_post_id_3394 clearfix et_pb_no_thumb et_pb_blog_item_0_1 post-3394 post type-post status-publish format-standard hentry category-desarrolladores-web category-emprendedores-web category-empresas-web category-varios tag-consejos tag-ecommerce tag-emprendedor tag-negocio-en-la-web\"><h3 class=\"entry-title\"><a href=\"https:\/\/blog.hosting.com.ve\/noticias\/5-utiles-consejos-para-aumentar-las-ventas-de-tu-tienda-online\/\">5 \u00fatiles consejos para aumentar las ventas de tu tienda online<\/a><\/h3><p class=\"post-meta\">por <span class=\"author vcard\"><a href=\"https:\/\/blog.hosting.com.ve\/noticias\/author\/maria-pacheco\/\" title=\"Entradas de Mar\u00eda Pacheco\" rel=\"author\">Mar\u00eda Pacheco<\/a><\/span> | <span class=\"published\">Dic 13, 2016<\/span><\/p><div class=\"post-content\"><div class=\"post-content-inner\"><\/div><\/div><\/article><article class=\"et_pb_post et_pb_post_id_3313 clearfix et_pb_no_thumb et_pb_blog_item_0_2 post-3313 post type-post status-publish format-standard hentry category-desarrolladores-web category-emprendedores-web category-empresas-web category-pagina-web-2 category-tecnologia category-varios tag-emprendedores-web tag-pagina-web tag-tecnologia\"><h3 class=\"entry-title\"><a href=\"https:\/\/blog.hosting.com.ve\/noticias\/7-indicadores-de-salud-para-tu-sitio-web\/\">7 indicadores de salud para tu sitio web<\/a><\/h3><p class=\"post-meta\">por <span class=\"author vcard\"><a href=\"https:\/\/blog.hosting.com.ve\/noticias\/author\/saray-maza\/\" title=\"Entradas de Saray Maza\" rel=\"author\">Saray Maza<\/a><\/span> | <span class=\"published\">Nov 8, 2016<\/span><\/p><div class=\"post-content\"><div class=\"post-content-inner\"><\/div><\/div><\/article><\/div><\/div><\/div>\n<\/div>\n<\/div>\n\n<div class=\"et_pb_row_3 et_pb_row et_pb_row_3-4_1-4 et_block_row et_block_row_3-4_1-4\">\n<div class=\"et_pb_column_5 et_pb_column et_pb_column_3_4 et_block_column et_pb_css_mix_blend_mode_passthrough\">\n<div class=\"et_pb_text_3 et_pb_text et_pb_bg_layout_light et_pb_module et_block_module\"><div class=\"et_pb_text_inner\"><h2>Noticias de hosting<\/h2>\n<\/div><\/div>\n<\/div>\n\n<div class=\"et_pb_column_6 et_pb_column et_pb_column_1_4 et-last-child et_block_column et_pb_css_mix_blend_mode_passthrough\">\n<div class=\"et_pb_module et_pb_button_module_wrapper et_pb_button_2_wrapper\"><a class=\"et_pb_button_2 et_pb_button et_pb_bg_layout_light et_pb_module et_block_module shadow-none transition-shadow duration-300 ease-in-out hover:shadow-lg hover:shadow-black\/5 dark:hover:shadow-black\/30\" href=\"https:\/\/blog.hosting.com.ve\/noticias\/category\/hosting\/\" data-icon=\"E\">Ver m\u00e1s<\/a><\/div>\n<\/div>\n<\/div>\n\n<div class=\"et_pb_row_4 et_pb_row et_block_row\">\n<div class=\"et_pb_column_7 et_pb_column et_pb_column_4_4 et-last-child et_block_column et_pb_css_mix_blend_mode_passthrough\">\n<div class=\"et_pb_blog_1 et_pb_blog et_pb_bg_layout_light et_pb_posts et_pb_module\"><div class=\"et_pb_ajax_pagination_container\"><div class=\"et_pb_posts et_grid_module\"><article class=\"et_pb_post et_pb_post_id_2929 clearfix et_pb_no_thumb et_pb_blog_item_1_0 post-2929 post type-post status-publish format-standard hentry category-empresas-web category-hosting category-tecnologia tag-comunicaciones tag-empresas tag-estrategia tag-internet tag-marketing tag-negocios tag-rrss tag-tecnologia\"><h3 class=\"entry-title\"><a href=\"https:\/\/blog.hosting.com.ve\/noticias\/empresas-invierten-mas-en-comunicaciones-online\/\">Empresas invierten m\u00e1s en comunicaciones online<\/a><\/h3><p class=\"post-meta\">por <span class=\"author vcard\"><a href=\"https:\/\/blog.hosting.com.ve\/noticias\/author\/saray-maza\/\" title=\"Entradas de Saray Maza\" rel=\"author\">Saray Maza<\/a><\/span> | <span class=\"published\">Jun 8, 2015<\/span><\/p><div class=\"post-content\"><div class=\"post-content-inner\"><\/div><\/div><\/article><article class=\"et_pb_post et_pb_post_id_2878 clearfix et_pb_no_thumb et_pb_blog_item_1_1 post-2878 post type-post status-publish format-standard hentry category-constructor-de-sitios-web category-desarrolladores-web category-dominios-2 category-emprendedores-web category-empresas-web category-hackers category-herramientas-web category-hosting category-piratas-informaticos category-seguridad-web category-servicios-web category-tecnologia category-vps tag-cloud tag-cloud-computing tag-mitos tag-nube tag-nube-informatica tag-seguridad tag-seguridad-cloud tag-seguridad-informatica\"><h3 class=\"entry-title\"><a href=\"https:\/\/blog.hosting.com.ve\/noticias\/cuatro-mitos-sobre-la-seguridad-de-cloud-computing\/\">Cuatro mitos sobre la seguridad de Cloud Computing<\/a><\/h3><p class=\"post-meta\">por <span class=\"author vcard\"><a href=\"https:\/\/blog.hosting.com.ve\/noticias\/author\/saray-maza\/\" title=\"Entradas de Saray Maza\" rel=\"author\">Saray Maza<\/a><\/span> | <span class=\"published\">May 12, 2015<\/span><\/p><div class=\"post-content\"><div class=\"post-content-inner\"><\/div><\/div><\/article><article class=\"et_pb_post et_pb_post_id_2737 clearfix et_pb_no_thumb et_pb_blog_item_1_2 post-2737 post type-post status-publish format-standard hentry category-herramientas-web category-hosting category-pagina-web-2 category-tecnologia category-uncategorized category-vps\"><h3 class=\"entry-title\"><a href=\"https:\/\/blog.hosting.com.ve\/noticias\/que-tan-importante-es-la-localizacion-de-tu-servidor-en-tu-negocio\/\">\u00bfQu\u00e9 tan importante es la localizaci\u00f3n de tu servidor en tu negocio?<\/a><\/h3><p class=\"post-meta\">por <span class=\"author vcard\"><a href=\"https:\/\/blog.hosting.com.ve\/noticias\/author\/melissa-gomez\/\" title=\"Entradas de Melissa Gomez\" rel=\"author\">Melissa Gomez<\/a><\/span> | <span class=\"published\">Abr 28, 2015<\/span><\/p><div class=\"post-content\"><div class=\"post-content-inner\"><\/div><\/div><\/article><\/div><\/div><\/div>\n<\/div>\n<\/div>\n<\/div>\n\n<div class=\"et_pb_section_2 et_pb_section et_section_regular et_block_section\">\n<div class=\"et_pb_row_5 et_pb_row et_block_row\">\n<div class=\"et_pb_column_8 et_pb_column et_pb_column_4_4 et-last-child et_block_column et_pb_css_mix_blend_mode_passthrough\">\n<div class=\"et_pb_text_4 et_pb_text et_pb_bg_layout_light et_pb_module et_block_module\"><div class=\"et_pb_text_inner\"><h2>\u00bfPor qu\u00e9 preferirnos?<\/h2>\n<\/div><\/div>\n<\/div>\n<\/div>\n\n<div class=\"et_pb_row_6 et_pb_row et_block_row\">\n<div class=\"et_pb_column_9 et_pb_column et_pb_column_1_3 et_block_column et_pb_css_mix_blend_mode_passthrough\">\n<div class=\"et_pb_blurb_0 et_pb_blurb et_pb_bg_layout_light et_pb_blurb_position_top et_pb_module et_block_module\"><div class=\"et_pb_blurb_content\"><div class=\"et_pb_main_blurb_image\"><span class=\"et_pb_image_wrap et_pb_only_image_mode_wrap\"><img loading=\"lazy\" decoding=\"async\" src=\"https:\/\/blog.hosting.com.ve\/noticias\/wp-content\/uploads\/2024\/01\/Contenido_Interesante.png\" width=\"256\" height=\"256\" srcset=\"https:\/\/blog.hosting.com.ve\/noticias\/wp-content\/uploads\/2024\/01\/Contenido_Interesante.png 256w, https:\/\/blog.hosting.com.ve\/noticias\/wp-content\/uploads\/2024\/01\/Contenido_Interesante-150x150.png 150w\" sizes=\"(max-width: 256px) 100vw, 256px\" class=\"wp-image-4138\" alt=\"Contenido_Interesante\" \/><\/span><\/div><div class=\"et_pb_blurb_container\"><h4 class=\"et_pb_module_header\">Lo mejor en contenido<\/h4><\/div><\/div><\/div>\n<\/div>\n\n<div class=\"et_pb_column_10 et_pb_column et_pb_column_1_3 et_block_column et_pb_css_mix_blend_mode_passthrough\">\n<div class=\"et_pb_blurb_1 et_pb_blurb et_pb_bg_layout_light et_pb_blurb_position_top et_pb_module et_block_module\"><div class=\"et_pb_blurb_content\"><div class=\"et_pb_main_blurb_image\"><span class=\"et_pb_image_wrap et_pb_only_image_mode_wrap\"><img loading=\"lazy\" decoding=\"async\" src=\"https:\/\/blog.hosting.com.ve\/noticias\/wp-content\/uploads\/2024\/01\/Calidad.png\" width=\"256\" height=\"256\" srcset=\"https:\/\/blog.hosting.com.ve\/noticias\/wp-content\/uploads\/2024\/01\/Calidad.png 256w, https:\/\/blog.hosting.com.ve\/noticias\/wp-content\/uploads\/2024\/01\/Calidad-150x150.png 150w\" sizes=\"(max-width: 256px) 100vw, 256px\" class=\"wp-image-4140\" alt=\"Calidad\" \/><\/span><\/div><div class=\"et_pb_blurb_container\"><h4 class=\"et_pb_module_header\">Informaci\u00f3n de calidad<\/h4><\/div><\/div><\/div>\n<\/div>\n\n<div class=\"et_pb_column_11 et_pb_column et_pb_column_1_3 et-last-child et_block_column et_pb_css_mix_blend_mode_passthrough\">\n<div class=\"et_pb_blurb_2 et_pb_blurb et_pb_bg_layout_light et_pb_blurb_position_top et_pb_module et_block_module\"><div class=\"et_pb_blurb_content\"><div class=\"et_pb_main_blurb_image\"><span class=\"et_pb_image_wrap et_pb_only_image_mode_wrap\"><img loading=\"lazy\" decoding=\"async\" src=\"https:\/\/blog.hosting.com.ve\/noticias\/wp-content\/uploads\/2024\/01\/Intereaccion.png\" width=\"256\" height=\"256\" srcset=\"https:\/\/blog.hosting.com.ve\/noticias\/wp-content\/uploads\/2024\/01\/Intereaccion.png 256w, https:\/\/blog.hosting.com.ve\/noticias\/wp-content\/uploads\/2024\/01\/Intereaccion-150x150.png 150w\" sizes=\"(max-width: 256px) 100vw, 256px\" class=\"wp-image-4141\" alt=\"Interacci\u00f3n\" \/><\/span><\/div><div class=\"et_pb_blurb_container\"><h4 class=\"et_pb_module_header\">Interacci\u00f3n y compromiso<\/h4><\/div><\/div><\/div>\n<\/div>\n<\/div>\n<\/div>\n\n<div class=\"et_pb_section_3 et_pb_section et_section_regular et_block_section\">\n<div class=\"et_pb_row_7 et_pb_row et_block_row\">\n<div class=\"et_pb_column_12 et_pb_column et_pb_column_1_2 et_block_column et_pb_css_mix_blend_mode_passthrough\">\n<div class=\"et_pb_signup_0 et_pb_signup et_pb_newsletter et_pb_subscribe et_pb_recaptcha_enabled et_pb_bg_layout_dark et_pb_module et_flex_module\"><div class=\"et_pb_newsletter_description\"><h2 class=\"et_pb_module_header\">\u00bfQuieres  saber mas noticias?<\/h2><div class=\"et_pb_newsletter_description_content\"><p>Estar\u00e1s al tanto de lo m\u00e1s nuevo en tecnolog\u00eda, desarrollo web y todo lo que necesitas saber para el crecimiento de tu empresa<\/p>\n<\/div><\/div><div class=\"et_pb_newsletter_form\"><form method=\"post\" class=\"\"><div class=\"et_pb_newsletter_result et_pb_newsletter_error\"><\/div><div class=\"et_pb_newsletter_result et_pb_newsletter_success\"><h2>Te contactamos en breve<\/h2><\/div><div class=\"et_pb_newsletter_fields et_flex_module\"><p class=\"et_pb_newsletter_field et_pb_contact_field_last et_pb_contact_field_last_tablet et_pb_contact_field_last_phone\"><label class=\"et_pb_contact_form_label\" for=\"et_pb_signup_firstname\" style=\"display: none;\">Nombre<\/label><input class=\"input\" id=\"et_pb_signup_firstname\" type=\"text\" placeholder=\"Nombre\" name=\"et_pb_signup_firstname\" \/><\/p><p class=\"et_pb_newsletter_field et_pb_contact_field_last et_pb_contact_field_last_tablet et_pb_contact_field_last_phone\"><label class=\"et_pb_contact_form_label\" for=\"et_pb_signup_lastname\" style=\"display: none;\">Apellidos<\/label><input class=\"input\" id=\"et_pb_signup_lastname\" type=\"text\" placeholder=\"Apellidos\" name=\"et_pb_signup_lastname\" \/><\/p><p class=\"et_pb_newsletter_field et_pb_contact_field_last et_pb_contact_field_last_tablet et_pb_contact_field_last_phone\"><label class=\"et_pb_contact_form_label\" for=\"et_pb_signup_email\" style=\"display: none;\">Correo Electr\u00f3nico<\/label><input class=\"input\" id=\"et_pb_signup_email\" type=\"text\" placeholder=\"Correo Electr\u00f3nico\" name=\"et_pb_signup_email\" \/><\/p><p class=\"et_pb_newsletter_button_wrap\"><a class=\"et_pb_button et_pb_newsletter_button\" href=\"#\"><span class=\"et_subscribe_loader\"><\/span><span class=\"et_pb_newsletter_button_text\">Suscribir<\/span><\/a><\/p><\/div><input type=\"hidden\" name=\"et_pb_signup_provider\" value=\"mailchimp\" \/><input type=\"hidden\" name=\"et_pb_signup_list_id\" value=\"f3f57eab25\" \/><input type=\"hidden\" name=\"et_pb_signup_account_name\" value=\"blog@hostingcomve\" \/><input type=\"hidden\" name=\"et_pb_signup_ip_address\" value=\"true\" \/><input type=\"hidden\" name=\"et_pb_signup_checksum\" value=\"05a7bfb349dfbf34785010637ed051b2\" \/><\/form><\/div><\/div>\n<\/div>\n\n<div class=\"et_pb_column_13 et_pb_column et_pb_column_1_2 et-last-child et_block_column et_pb_css_mix_blend_mode_passthrough\">\n<div class=\"et_pb_image_1 et_pb_image et_pb_module et_block_module\"><span class=\"et_pb_image_wrap\"><img loading=\"lazy\" decoding=\"async\" src=\"https:\/\/blog.hosting.com.ve\/noticias\/wp-content\/uploads\/2024\/01\/Mujer_informando.png\" width=\"400\" height=\"400\" srcset=\"https:\/\/blog.hosting.com.ve\/noticias\/wp-content\/uploads\/2024\/01\/Mujer_informando.png 400w, https:\/\/blog.hosting.com.ve\/noticias\/wp-content\/uploads\/2024\/01\/Mujer_informando-300x300.png 300w, https:\/\/blog.hosting.com.ve\/noticias\/wp-content\/uploads\/2024\/01\/Mujer_informando-150x150.png 150w\" sizes=\"(max-width: 400px) 100vw, 400px\" class=\"wp-image-4197\" title=\"Mujer_informando\" alt=\"Consejos web\" \/><\/span><\/div>\n<\/div>\n<\/div>\n<\/div>\n\n<div class=\"et_pb_section_4 et_pb_section et_section_regular et_block_section\">\n<div class=\"et_pb_row_8 et_pb_row et_pb_row_3-4_1-4 et_block_row et_block_row_3-4_1-4\">\n<div class=\"et_pb_column_14 et_pb_column et_pb_column_3_4 et_block_column et_pb_css_mix_blend_mode_passthrough\">\n<div class=\"et_pb_text_5 et_pb_text et_pb_bg_layout_light et_pb_module et_block_module\"><div class=\"et_pb_text_inner\"><h2>Dominios y servicio web<\/h2>\n<\/div><\/div>\n<\/div>\n\n<div class=\"et_pb_column_15 et_pb_column et_pb_column_1_4 et-last-child et_block_column et_pb_css_mix_blend_mode_passthrough\">\n<div class=\"et_pb_module et_pb_button_module_wrapper et_pb_button_3_wrapper\"><a class=\"et_pb_button_3 et_pb_button et_pb_bg_layout_light et_pb_module et_block_module shadow-none transition-shadow duration-300 ease-in-out hover:shadow-lg hover:shadow-black\/5 dark:hover:shadow-black\/30\" href=\"https:\/\/blog.hosting.com.ve\/noticias\/category\/servicios-web\/\" data-icon=\"E\">Ver m\u00e1s<\/a><\/div>\n<\/div>\n<\/div>\n\n<div class=\"et_pb_row_9 et_pb_row et_block_row\">\n<div class=\"et_pb_column_16 et_pb_column et_pb_column_4_4 et-last-child et_block_column et_pb_css_mix_blend_mode_passthrough\">\n<div class=\"et_pb_blog_2 et_pb_blog et_pb_bg_layout_light et_pb_posts et_pb_module\"><div class=\"et_pb_ajax_pagination_container\"><div class=\"et_pb_posts et_block_module\"><article class=\"et_pb_post et_pb_post_id_2923 clearfix et_pb_no_thumb et_pb_blog_item_2_0 post-2923 post type-post status-publish format-standard hentry category-pagina-web-2 category-servicios-web category-tecnologia tag-b2b tag-b2c tag-empresas tag-internet tag-inversion tag-iot tag-negocios tag-oportunidades\"><h3 class=\"entry-title\"><a href=\"https:\/\/blog.hosting.com.ve\/noticias\/iot-crecera-a-pasos-agigantados-en-2020\/\">IoT crecer\u00e1 a pasos agigantados en 2020<\/a><\/h3><p class=\"post-meta\">por <span class=\"author vcard\"><a href=\"https:\/\/blog.hosting.com.ve\/noticias\/author\/saray-maza\/\" title=\"Entradas de Saray Maza\" rel=\"author\">Saray Maza<\/a><\/span> | <span class=\"published\">Jun 4, 2015<\/span> | <span class=\"entry-categories\"><a href=\"https:\/\/blog.hosting.com.ve\/noticias\/category\/pagina-web-2\/\" rel=\"tag\">P\u00e1gina web<\/a>, <a href=\"https:\/\/blog.hosting.com.ve\/noticias\/category\/servicios-web\/\" rel=\"tag\">Servicios web<\/a>, <a href=\"https:\/\/blog.hosting.com.ve\/noticias\/category\/tecnologia\/\" rel=\"tag\">Tecnolog\u00eda<\/a><\/span><\/p><div class=\"post-content\"><div class=\"post-content-inner\"><p>La agencia Reuters ha publicado los resultados de los c\u00e1lculos realizados por la consultora IDC acerca del crecimiento del mercado del Internet de las Cosas (IoT); por sus siglas en ingl\u00e9s, en la que estima que el mismo triplicar\u00e1 su volumen para el 2020. En concreto,&#8230;<\/p>\n<\/div><\/div><\/article><article class=\"et_pb_post et_pb_post_id_2919 clearfix et_pb_no_thumb et_pb_blog_item_2_1 post-2919 post type-post status-publish format-standard hentry category-empresas-web category-pagina-web-2 category-servicios-web tag-youtube\"><h3 class=\"entry-title\"><a href=\"https:\/\/blog.hosting.com.ve\/noticias\/youtube-conmemora-10-anos-de-haber-cambiado-al-mundo\/\">Youtube conmemora 10 a\u00f1os de haber cambiado al mundo<\/a><\/h3><p class=\"post-meta\">por <span class=\"author vcard\"><a href=\"https:\/\/blog.hosting.com.ve\/noticias\/author\/saray-maza\/\" title=\"Entradas de Saray Maza\" rel=\"author\">Saray Maza<\/a><\/span> | <span class=\"published\">Jun 1, 2015<\/span> | <span class=\"entry-categories\"><a href=\"https:\/\/blog.hosting.com.ve\/noticias\/category\/empresas-web\/\" rel=\"tag\">Empresas web<\/a>, <a href=\"https:\/\/blog.hosting.com.ve\/noticias\/category\/pagina-web-2\/\" rel=\"tag\">P\u00e1gina web<\/a>, <a href=\"https:\/\/blog.hosting.com.ve\/noticias\/category\/servicios-web\/\" rel=\"tag\">Servicios web<\/a><\/span><\/p><div class=\"post-content\"><div class=\"post-content-inner\"><p>Desde su lanzamiento, Youtube ha encantado al mundo por su facilidad e inmediatez a la hora de hacer llegar cualquier material audiovisual al mundo entero. Hace 10 a\u00f1os una peque\u00f1a empresa fundada por Chad Hurley, Steve Chen y Jawed Karim marc\u00f3 hito a finales del 2005&#8230;<\/p>\n<\/div><\/div><\/article><\/div><\/div><\/div>\n<\/div>\n<\/div>\n<\/div>\n\n<div class=\"et_pb_section_5 et_pb_section et_section_regular et_block_section\">\n<div class=\"et_pb_row_10 et_pb_row et_block_row\">\n<div class=\"et_pb_column_17 et_pb_column et_pb_column_1_3 et_block_column et_pb_css_mix_blend_mode_passthrough\">\n<div class=\"et_pb_blurb_3 et_pb_blurb et_pb_bg_layout_light et_pb_blurb_position_top et_clickable et_pb_module et_block_module\"><div class=\"et_pb_blurb_content\"><div class=\"et_pb_main_blurb_image\"><a href=\"https:\/\/blog.hosting.com.ve\/noticias\/category\/hackers\/\"><span class=\"et_pb_image_wrap et_pb_only_image_mode_wrap\"><img loading=\"lazy\" decoding=\"async\" src=\"https:\/\/blog.hosting.com.ve\/noticias\/wp-content\/uploads\/2023\/11\/Hacking.png\" width=\"400\" height=\"400\" srcset=\"https:\/\/blog.hosting.com.ve\/noticias\/wp-content\/uploads\/2023\/11\/Hacking.png 400w, https:\/\/blog.hosting.com.ve\/noticias\/wp-content\/uploads\/2023\/11\/Hacking-300x300.png 300w, https:\/\/blog.hosting.com.ve\/noticias\/wp-content\/uploads\/2023\/11\/Hacking-150x150.png 150w\" sizes=\"(max-width: 400px) 100vw, 400px\" class=\"wp-image-3457\" alt=\"social media\" \/><\/span><\/a><\/div><div class=\"et_pb_blurb_container\"><h4 class=\"et_pb_module_header\"><a href=\"https:\/\/blog.hosting.com.ve\/noticias\/category\/hackers\/\">Hackers<\/a><\/h4><\/div><\/div><\/div>\n<\/div>\n\n<div class=\"et_pb_column_18 et_pb_column et_pb_column_1_3 et_block_column et_pb_css_mix_blend_mode_passthrough\">\n<div class=\"et_pb_blurb_4 et_pb_blurb et_pb_bg_layout_light et_pb_blurb_position_top et_clickable et_pb_module et_block_module\"><div class=\"et_pb_blurb_content\"><div class=\"et_pb_main_blurb_image\"><a href=\"https:\/\/blog.hosting.com.ve\/noticias\/category\/redes-sociales-2\/\"><span class=\"et_pb_image_wrap et_pb_only_image_mode_wrap\"><img loading=\"lazy\" decoding=\"async\" src=\"https:\/\/blog.hosting.com.ve\/noticias\/wp-content\/uploads\/2023\/11\/social-media.png\" width=\"400\" height=\"400\" srcset=\"https:\/\/blog.hosting.com.ve\/noticias\/wp-content\/uploads\/2023\/11\/social-media.png 400w, https:\/\/blog.hosting.com.ve\/noticias\/wp-content\/uploads\/2023\/11\/social-media-300x300.png 300w, https:\/\/blog.hosting.com.ve\/noticias\/wp-content\/uploads\/2023\/11\/social-media-150x150.png 150w\" sizes=\"(max-width: 400px) 100vw, 400px\" class=\"wp-image-3459\" alt=\"social media\" \/><\/span><\/a><\/div><div class=\"et_pb_blurb_container\"><h4 class=\"et_pb_module_header\"><a href=\"https:\/\/blog.hosting.com.ve\/noticias\/category\/redes-sociales-2\/\">Redes sociales<\/a><\/h4><\/div><\/div><\/div>\n<\/div>\n\n<div class=\"et_pb_column_19 et_pb_column et_pb_column_1_3 et-last-child et_block_column et_pb_css_mix_blend_mode_passthrough\">\n<div class=\"et_pb_blurb_5 et_pb_blurb et_pb_bg_layout_light et_pb_blurb_position_top et_clickable et_pb_module et_block_module\"><div class=\"et_pb_blurb_content\"><div class=\"et_pb_main_blurb_image\"><a href=\"https:\/\/blog.hosting.com.ve\/noticias\/category\/tecnologia\/\"><span class=\"et_pb_image_wrap et_pb_only_image_mode_wrap\"><img loading=\"lazy\" decoding=\"async\" src=\"https:\/\/blog.hosting.com.ve\/noticias\/wp-content\/uploads\/2023\/11\/Servicos-web.png\" width=\"400\" height=\"400\" srcset=\"https:\/\/blog.hosting.com.ve\/noticias\/wp-content\/uploads\/2023\/11\/Servicos-web.png 400w, https:\/\/blog.hosting.com.ve\/noticias\/wp-content\/uploads\/2023\/11\/Servicos-web-300x300.png 300w, https:\/\/blog.hosting.com.ve\/noticias\/wp-content\/uploads\/2023\/11\/Servicos-web-150x150.png 150w\" sizes=\"(max-width: 400px) 100vw, 400px\" class=\"wp-image-3458\" alt=\"social media\" \/><\/span><\/a><\/div><div class=\"et_pb_blurb_container\"><h4 class=\"et_pb_module_header\"><a href=\"https:\/\/blog.hosting.com.ve\/noticias\/category\/tecnologia\/\">Tecnologia<\/a><\/h4><\/div><\/div><\/div>\n<\/div>\n<\/div>\n<\/div>","protected":false},"excerpt":{"rendered":"","protected":false},"author":123457,"featured_media":0,"parent":0,"menu_order":0,"comment_status":"closed","ping_status":"closed","template":"","meta":{"footnotes":""},"class_list":["post-3432","page","type-page","status-publish","hentry"],"_links":{"self":[{"href":"https:\/\/blog.hosting.com.ve\/noticias\/wp-json\/wp\/v2\/pages\/3432","targetHints":{"allow":["GET"]}}],"collection":[{"href":"https:\/\/blog.hosting.com.ve\/noticias\/wp-json\/wp\/v2\/pages"}],"about":[{"href":"https:\/\/blog.hosting.com.ve\/noticias\/wp-json\/wp\/v2\/types\/page"}],"author":[{"embeddable":true,"href":"https:\/\/blog.hosting.com.ve\/noticias\/wp-json\/wp\/v2\/users\/123457"}],"replies":[{"embeddable":true,"href":"https:\/\/blog.hosting.com.ve\/noticias\/wp-json\/wp\/v2\/comments?post=3432"}],"version-history":[{"count":2,"href":"https:\/\/blog.hosting.com.ve\/noticias\/wp-json\/wp\/v2\/pages\/3432\/revisions"}],"predecessor-version":[{"id":4345,"href":"https:\/\/blog.hosting.com.ve\/noticias\/wp-json\/wp\/v2\/pages\/3432\/revisions\/4345"}],"wp:attachment":[{"href":"https:\/\/blog.hosting.com.ve\/noticias\/wp-json\/wp\/v2\/media?parent=3432"}],"curies":[{"name":"wp","href":"https:\/\/api.w.org\/{rel}","templated":true}]}}